{"id":34630,"date":"2025-04-09T18:23:06","date_gmt":"2025-04-09T16:23:06","guid":{"rendered":"https:\/\/www.masmallorca.es\/mercados-ferias-fiestas"},"modified":"2025-04-09T18:31:36","modified_gmt":"2025-04-09T16:31:36","slug":"maerkte-messen-festivals","status":"publish","type":"page","link":"https:\/\/www.masmallorca.es\/de\/maerkte-messen-festivals","title":{"rendered":"M\u00e4rkte, Messen und Festivals auf Mallorca"},"content":{"rendered":"<p>[et_pb_section fb_built=&#8220;1&#8243; make_equal=&#8220;on&#8220; use_custom_gutter=&#8220;on&#8220; gutter_width=&#8220;2&#8243; specialty=&#8220;on&#8220; _builder_version=&#8220;4.27.4&#8243; _module_preset=&#8220;default&#8220; background_color=&#8220;RGBA(255,255,255,0)&#8220; inner_width=&#8220;100%&#8220; custom_padding=&#8220;2px|||||&#8220; locked=&#8220;off&#8220; global_colors_info=&#8220;{}&#8220; theme_builder_area=&#8220;post_content&#8220;][et_pb_column type=&#8220;3_4&#8243; specialty_columns=&#8220;3&#8243; _builder_version=&#8220;4.16&#8243; custom_padding=&#8220;|||&#8220; global_colors_info=&#8220;{}&#8220; custom_padding__hover=&#8220;|||&#8220; theme_builder_area=&#8220;post_content&#8220;][et_pb_row_inner use_custom_gutter=&#8220;on&#8220; gutter_width=&#8220;2&#8243; make_equal=&#8220;on&#8220; _builder_version=&#8220;4.27.4&#8243; _module_preset=&#8220;default&#8220; background_color=&#8220;#FFFFFF&#8220; custom_margin=&#8220;5px|||||&#8220; custom_padding=&#8220;||20px||false|false&#8220; border_radii=&#8220;off|5px|5px||&#8220; global_colors_info=&#8220;{}&#8220; theme_builder_area=&#8220;post_content&#8220;][et_pb_column_inner saved_specialty_column_type=&#8220;3_4&#8243; _builder_version=&#8220;4.27.4&#8243; _module_preset=&#8220;default&#8220; global_colors_info=&#8220;{}&#8220; theme_builder_area=&#8220;post_content&#8220;][et_pb_post_title author=&#8220;off&#8220; _builder_version=&#8220;4.27.4&#8243; _module_preset=&#8220;default&#8220; title_level=&#8220;h2&#8243; title_font=&#8220;|600||on|||||&#8220; title_text_align=&#8220;center&#8220; title_text_color=&#8220;#c8b431&#8243; title_font_size=&#8220;24px&#8220; meta_text_align=&#8220;center&#8220; custom_margin=&#8220;||8px|||&#8220; title_font_tablet=&#8220;|600||on|||||&#8220; title_font_phone=&#8220;|600||on|||||&#8220; title_font_last_edited=&#8220;on|phone&#8220; title_text_color_tablet=&#8220;#c8b431&#8243; title_text_color_phone=&#8220;#c8b431&#8243; title_text_color_last_edited=&#8220;on|phone&#8220; global_colors_info=&#8220;{}&#8220; theme_builder_area=&#8220;post_content&#8220;][\/et_pb_post_title][et_pb_text _builder_version=&#8220;4.27.4&#8243; _dynamic_attributes=&#8220;content&#8220; _module_preset=&#8220;default&#8220; text_font=&#8220;|600||on|||||&#8220; text_text_color=&#8220;#c8b431&#8243; text_orientation=&#8220;center&#8220; custom_margin=&#8220;||14px|||&#8220; custom_padding=&#8220;0px|||||&#8220; global_colors_info=&#8220;{}&#8220; theme_builder_area=&#8220;post_content&#8220;]@ET-DC@eyJkeW5hbWljIjp0cnVlLCJjb250ZW50Ijoic2l0ZV90aXRsZSIsInNldHRpbmdzIjp7ImJlZm9yZSI6IiIsImFmdGVyIjoiIn19@[\/et_pb_text][et_pb_text _builder_version=&#8220;4.27.4&#8243; _dynamic_attributes=&#8220;content&#8220; _module_preset=&#8220;default&#8220; text_font=&#8220;||||||||&#8220; text_orientation=&#8220;center&#8220; custom_margin=&#8220;-10px|||||&#8220; custom_padding=&#8220;||0px|||&#8220; global_colors_info=&#8220;{}&#8220; theme_builder_area=&#8220;post_content&#8220;]@ET-DC@eyJkeW5hbWljIjp0cnVlLCJjb250ZW50Ijoic2l0ZV90YWdsaW5lIiwic2V0dGluZ3MiOnsiYmVmb3JlIjoiIiwiYWZ0ZXIiOiIifX0=@[\/et_pb_text][\/et_pb_column_inner][\/et_pb_row_inner][et_pb_row_inner _builder_version=&#8220;4.27.4&#8243; _module_preset=&#8220;default&#8220; custom_padding=&#8220;3px|||||&#8220; global_colors_info=&#8220;{}&#8220; theme_builder_area=&#8220;post_content&#8220;][et_pb_column_inner saved_specialty_column_type=&#8220;3_4&#8243; _builder_version=&#8220;4.27.4&#8243; _module_preset=&#8220;default&#8220; global_colors_info=&#8220;{}&#8220; theme_builder_area=&#8220;post_content&#8220;][et_pb_post_slider include_categories=&#8220;95&#8243; show_more_button=&#8220;off&#8220; show_meta=&#8220;off&#8220; use_text_overlay=&#8220;on&#8220; text_overlay_color=&#8220;rgba(0,0,0,0.59)&#8220; text_border_radius=&#8220;45px&#8220; dot_nav_custom_color=&#8220;#c8b431&#8243; _builder_version=&#8220;4.27.4&#8243; _module_preset=&#8220;default&#8220; header_font=&#8220;|700||on|||||&#8220; header_text_color=&#8220;#c8b431&#8243; header_font_size=&#8220;27px&#8220; custom_button=&#8220;on&#8220; button_text_color=&#8220;rgba(0,0,0,0.68)&#8220; button_border_width=&#8220;0px&#8220; custom_margin=&#8220;-3px|||||&#8220; hover_enabled=&#8220;0&#8243; header_font_tablet=&#8220;|700||on|||||&#8220; header_font_phone=&#8220;|700||on|||||&#8220; header_font_last_edited=&#8220;on|tablet&#8220; header_font_size_tablet=&#8220;26px&#8220; header_font_size_phone=&#8220;23px&#8220; header_font_size_last_edited=&#8220;on|desktop&#8220; global_colors_info=&#8220;{}&#8220; theme_builder_area=&#8220;post_content&#8220; sticky_enabled=&#8220;0&#8243;][\/et_pb_post_slider][et_pb_blog fullwidth=&#8220;off&#8220; posts_number=&#8220;16&#8243; include_categories=&#8220;95&#8243; excerpt_length=&#8220;140&#8243; show_author=&#8220;off&#8220; show_date=&#8220;off&#8220; _builder_version=&#8220;4.27.4&#8243; _module_preset=&#8220;default&#8220; header_font=&#8220;|600||on|||||&#8220; header_text_align=&#8220;left&#8220; header_text_color=&#8220;#a59427&#8243; header_letter_spacing=&#8220;1px&#8220; body_font=&#8220;||||||||&#8220; body_font_size=&#8220;17px&#8220; meta_font=&#8220;|600||on|||||&#8220; meta_text_color=&#8220;rgba(20,18,0,0.67)&#8220; meta_font_size=&#8220;16px&#8220; meta_letter_spacing=&#8220;1px&#8220; transform_scale_linked=&#8220;off&#8220; text_orientation=&#8220;left&#8220; custom_margin=&#8220;||||false|false&#8220; custom_padding=&#8220;||||false|false&#8220; hover_enabled=&#8220;0&#8243; border_color_all=&#8220;#FFFFFF&#8220; border_width_all_image=&#8220;10px&#8220; border_color_all_image=&#8220;RGBA(255,255,255,0)&#8220; locked=&#8220;off&#8220; global_colors_info=&#8220;{}&#8220; custom_css_main_element_last_edited=&#8220;on|desktop&#8220; theme_builder_area=&#8220;post_content&#8220; sticky_enabled=&#8220;0&#8243;][\/et_pb_blog][\/et_pb_column_inner][\/et_pb_row_inner][\/et_pb_column][et_pb_column type=&#8220;1_4&#8243; _builder_version=&#8220;4.16&#8243; custom_padding=&#8220;|||&#8220; global_colors_info=&#8220;{}&#8220; custom_padding__hover=&#8220;|||&#8220; theme_builder_area=&#8220;post_content&#8220;][et_pb_sidebar show_border=&#8220;off&#8220; _builder_version=&#8220;4.27.4&#8243; _module_preset=&#8220;default&#8220; width=&#8220;100%&#8220; width_tablet=&#8220;100%&#8220; width_phone=&#8220;100%&#8220; width_last_edited=&#8220;on|phone&#8220; custom_margin=&#8220;-24px||||false|false&#8220; sticky_position=&#8220;top&#8220; sticky_limit_top=&#8220;column&#8220; sticky_limit_bottom=&#8220;body&#8220; sticky_offset_surrounding=&#8220;off&#8220; sticky_transition=&#8220;off&#8220; scroll_vertical_motion=&#8220;100|100|100|100|4|0|-4&#8243; motion_trigger_start=&#8220;top&#8220; module_alignment_tablet=&#8220;&#8220; module_alignment_phone=&#8220;&#8220; module_alignment_last_edited=&#8220;on|desktop&#8220; locked=&#8220;off&#8220; global_colors_info=&#8220;{}&#8220; theme_builder_area=&#8220;post_content&#8220;][\/et_pb_sidebar][\/et_pb_column][\/et_pb_section]<\/p>\n","protected":false},"excerpt":{"rendered":"","protected":false},"author":1,"featured_media":0,"parent":0,"menu_order":0,"comment_status":"closed","ping_status":"closed","template":"page-template-transparent.php","meta":{"_et_pb_use_builder":"on","_et_pb_old_content":"","_et_gb_content_width":"","footnotes":""},"class_list":["post-34630","page","type-page","status-publish","hentry"],"yoast_head":"<!-- This site is optimized with the Yoast SEO plugin v27.4 - https:\/\/yoast.com\/product\/yoast-seo-wordpress\/ -->\n<title>M\u00e4rkte, Messen und Festivals auf Mallorca | +Mallorca: das Magazin aus Mallorca<\/title>\n<meta name=\"description\" content=\"M\u00e4rkte, Messen und Festivals auf Mallorca. W\u00f6chentliche und saisonale M\u00e4rkte, Essen, Kalender, Feste und traditionelle Feiern. Mallorca.\" \/>\n<meta name=\"robots\" content=\"index, follow, max-snippet:-1, max-image-preview:large, max-video-preview:-1\" \/>\n<link rel=\"canonical\" href=\"https:\/\/www.masmallorca.es\/de\/maerkte-messen-festivals\" \/>\n<meta property=\"og:locale\" content=\"de_DE\" \/>\n<meta property=\"og:type\" content=\"article\" \/>\n<meta property=\"og:title\" content=\"M\u00e4rkte, Messen und Festivals auf Mallorca | +Mallorca: das Magazin aus Mallorca\" \/>\n<meta property=\"og:description\" content=\"M\u00e4rkte, Messen und Festivals auf Mallorca. W\u00f6chentliche und saisonale M\u00e4rkte, Essen, Kalender, Feste und traditionelle Feiern. Mallorca.\" \/>\n<meta property=\"og:url\" content=\"https:\/\/www.masmallorca.es\/de\/maerkte-messen-festivals\" \/>\n<meta property=\"og:site_name\" content=\"+Mallorca: das Magazin aus Mallorca\" \/>\n<meta property=\"article:publisher\" content=\"https:\/\/www.facebook.com\/mallorcamagazine\/\" \/>\n<meta property=\"article:modified_time\" content=\"2025-04-09T16:31:36+00:00\" \/>\n<meta property=\"og:image\" content=\"https:\/\/www.masmallorca.es\/wp-content\/uploads\/2009\/10\/Son-Marroig_3.jpg\" \/>\n\t<meta property=\"og:image:width\" content=\"300\" \/>\n\t<meta property=\"og:image:height\" content=\"194\" \/>\n\t<meta property=\"og:image:type\" content=\"image\/jpeg\" \/>\n<meta name=\"twitter:card\" content=\"summary_large_image\" \/>\n<meta name=\"twitter:site\" content=\"@masmallorca\" \/>\n<meta name=\"twitter:label1\" content=\"Gesch\u00e4tzte Lesezeit\" \/>\n\t<meta name=\"twitter:data1\" content=\"8\u00a0Minuten\" \/>\n<script type=\"application\/ld+json\" class=\"yoast-schema-graph\">{\"@context\":\"https:\\\/\\\/schema.org\",\"@graph\":[{\"@type\":\"WebPage\",\"@id\":\"https:\\\/\\\/www.masmallorca.es\\\/de\\\/maerkte-messen-festivals\",\"url\":\"https:\\\/\\\/www.masmallorca.es\\\/de\\\/maerkte-messen-festivals\",\"name\":\"M\u00e4rkte, Messen und Festivals auf Mallorca | +Mallorca: das Magazin aus Mallorca\",\"isPartOf\":{\"@id\":\"https:\\\/\\\/www.masmallorca.es\\\/de#website\"},\"datePublished\":\"2025-04-09T16:23:06+00:00\",\"dateModified\":\"2025-04-09T16:31:36+00:00\",\"description\":\"M\u00e4rkte, Messen und Festivals auf Mallorca. W\u00f6chentliche und saisonale M\u00e4rkte, Essen, Kalender, Feste und traditionelle Feiern. Mallorca.\",\"breadcrumb\":{\"@id\":\"https:\\\/\\\/www.masmallorca.es\\\/de\\\/maerkte-messen-festivals#breadcrumb\"},\"inLanguage\":\"de\",\"potentialAction\":[{\"@type\":\"ReadAction\",\"target\":[\"https:\\\/\\\/www.masmallorca.es\\\/de\\\/maerkte-messen-festivals\"]}]},{\"@type\":\"BreadcrumbList\",\"@id\":\"https:\\\/\\\/www.masmallorca.es\\\/de\\\/maerkte-messen-festivals#breadcrumb\",\"itemListElement\":[{\"@type\":\"ListItem\",\"position\":1,\"name\":\"Portada\",\"item\":\"https:\\\/\\\/www.masmallorca.es\\\/de\"},{\"@type\":\"ListItem\",\"position\":2,\"name\":\"M\u00e4rkte, Messen und Festivals auf Mallorca\"}]},{\"@type\":\"WebSite\",\"@id\":\"https:\\\/\\\/www.masmallorca.es\\\/de#website\",\"url\":\"https:\\\/\\\/www.masmallorca.es\\\/de\",\"name\":\"+Mallorca: la revista de Mallorca\",\"description\":\"Mehr als Sonne und Strand..\",\"publisher\":{\"@id\":\"https:\\\/\\\/www.masmallorca.es\\\/de#organization\"},\"alternateName\":\"+Mallorca\",\"potentialAction\":[{\"@type\":\"SearchAction\",\"target\":{\"@type\":\"EntryPoint\",\"urlTemplate\":\"https:\\\/\\\/www.masmallorca.es\\\/de?s={search_term_string}\"},\"query-input\":{\"@type\":\"PropertyValueSpecification\",\"valueRequired\":true,\"valueName\":\"search_term_string\"}}],\"inLanguage\":\"de\"},{\"@type\":\"Organization\",\"@id\":\"https:\\\/\\\/www.masmallorca.es\\\/de#organization\",\"name\":\"+Mallorca Magazin\",\"alternateName\":\"M\u00e1s Mallorca\",\"url\":\"https:\\\/\\\/www.masmallorca.es\\\/de\",\"logo\":{\"@type\":\"ImageObject\",\"inLanguage\":\"de\",\"@id\":\"https:\\\/\\\/www.masmallorca.es\\\/de#\\\/schema\\\/logo\\\/image\\\/\",\"url\":\"https:\\\/\\\/www.masmallorca.es\\\/wp-content\\\/uploads\\\/2021\\\/04\\\/logomallorca-1.png\",\"contentUrl\":\"https:\\\/\\\/www.masmallorca.es\\\/wp-content\\\/uploads\\\/2021\\\/04\\\/logomallorca-1.png\",\"width\":326,\"height\":84,\"caption\":\"+Mallorca Magazin\"},\"image\":{\"@id\":\"https:\\\/\\\/www.masmallorca.es\\\/de#\\\/schema\\\/logo\\\/image\\\/\"},\"sameAs\":[\"https:\\\/\\\/www.facebook.com\\\/mallorcamagazine\\\/\",\"https:\\\/\\\/x.com\\\/masmallorca\"]}]}<\/script>\n<!-- \/ Yoast SEO plugin. -->","yoast_head_json":{"title":"M\u00e4rkte, Messen und Festivals auf Mallorca | +Mallorca: das Magazin aus Mallorca","description":"M\u00e4rkte, Messen und Festivals auf Mallorca. W\u00f6chentliche und saisonale M\u00e4rkte, Essen, Kalender, Feste und traditionelle Feiern. Mallorca.","robots":{"index":"index","follow":"follow","max-snippet":"max-snippet:-1","max-image-preview":"max-image-preview:large","max-video-preview":"max-video-preview:-1"},"canonical":"https:\/\/www.masmallorca.es\/de\/maerkte-messen-festivals","og_locale":"de_DE","og_type":"article","og_title":"M\u00e4rkte, Messen und Festivals auf Mallorca | +Mallorca: das Magazin aus Mallorca","og_description":"M\u00e4rkte, Messen und Festivals auf Mallorca. W\u00f6chentliche und saisonale M\u00e4rkte, Essen, Kalender, Feste und traditionelle Feiern. Mallorca.","og_url":"https:\/\/www.masmallorca.es\/de\/maerkte-messen-festivals","og_site_name":"+Mallorca: das Magazin aus Mallorca","article_publisher":"https:\/\/www.facebook.com\/mallorcamagazine\/","article_modified_time":"2025-04-09T16:31:36+00:00","og_image":[{"width":300,"height":194,"url":"https:\/\/www.masmallorca.es\/wp-content\/uploads\/2009\/10\/Son-Marroig_3.jpg","type":"image\/jpeg"}],"twitter_card":"summary_large_image","twitter_site":"@masmallorca","twitter_misc":{"Gesch\u00e4tzte Lesezeit":"8\u00a0Minuten"},"schema":{"@context":"https:\/\/schema.org","@graph":[{"@type":"WebPage","@id":"https:\/\/www.masmallorca.es\/de\/maerkte-messen-festivals","url":"https:\/\/www.masmallorca.es\/de\/maerkte-messen-festivals","name":"M\u00e4rkte, Messen und Festivals auf Mallorca | +Mallorca: das Magazin aus Mallorca","isPartOf":{"@id":"https:\/\/www.masmallorca.es\/de#website"},"datePublished":"2025-04-09T16:23:06+00:00","dateModified":"2025-04-09T16:31:36+00:00","description":"M\u00e4rkte, Messen und Festivals auf Mallorca. W\u00f6chentliche und saisonale M\u00e4rkte, Essen, Kalender, Feste und traditionelle Feiern. Mallorca.","breadcrumb":{"@id":"https:\/\/www.masmallorca.es\/de\/maerkte-messen-festivals#breadcrumb"},"inLanguage":"de","potentialAction":[{"@type":"ReadAction","target":["https:\/\/www.masmallorca.es\/de\/maerkte-messen-festivals"]}]},{"@type":"BreadcrumbList","@id":"https:\/\/www.masmallorca.es\/de\/maerkte-messen-festivals#breadcrumb","itemListElement":[{"@type":"ListItem","position":1,"name":"Portada","item":"https:\/\/www.masmallorca.es\/de"},{"@type":"ListItem","position":2,"name":"M\u00e4rkte, Messen und Festivals auf Mallorca"}]},{"@type":"WebSite","@id":"https:\/\/www.masmallorca.es\/de#website","url":"https:\/\/www.masmallorca.es\/de","name":"+Mallorca: la revista de Mallorca","description":"Mehr als Sonne und Strand..","publisher":{"@id":"https:\/\/www.masmallorca.es\/de#organization"},"alternateName":"+Mallorca","potentialAction":[{"@type":"SearchAction","target":{"@type":"EntryPoint","urlTemplate":"https:\/\/www.masmallorca.es\/de?s={search_term_string}"},"query-input":{"@type":"PropertyValueSpecification","valueRequired":true,"valueName":"search_term_string"}}],"inLanguage":"de"},{"@type":"Organization","@id":"https:\/\/www.masmallorca.es\/de#organization","name":"+Mallorca Magazin","alternateName":"M\u00e1s Mallorca","url":"https:\/\/www.masmallorca.es\/de","logo":{"@type":"ImageObject","inLanguage":"de","@id":"https:\/\/www.masmallorca.es\/de#\/schema\/logo\/image\/","url":"https:\/\/www.masmallorca.es\/wp-content\/uploads\/2021\/04\/logomallorca-1.png","contentUrl":"https:\/\/www.masmallorca.es\/wp-content\/uploads\/2021\/04\/logomallorca-1.png","width":326,"height":84,"caption":"+Mallorca Magazin"},"image":{"@id":"https:\/\/www.masmallorca.es\/de#\/schema\/logo\/image\/"},"sameAs":["https:\/\/www.facebook.com\/mallorcamagazine\/","https:\/\/x.com\/masmallorca"]}]}},"_links":{"self":[{"href":"https:\/\/www.masmallorca.es\/de\/wp-json\/wp\/v2\/pages\/34630","targetHints":{"allow":["GET"]}}],"collection":[{"href":"https:\/\/www.masmallorca.es\/de\/wp-json\/wp\/v2\/pages"}],"about":[{"href":"https:\/\/www.masmallorca.es\/de\/wp-json\/wp\/v2\/types\/page"}],"author":[{"embeddable":true,"href":"https:\/\/www.masmallorca.es\/de\/wp-json\/wp\/v2\/users\/1"}],"replies":[{"embeddable":true,"href":"https:\/\/www.masmallorca.es\/de\/wp-json\/wp\/v2\/comments?post=34630"}],"version-history":[{"count":4,"href":"https:\/\/www.masmallorca.es\/de\/wp-json\/wp\/v2\/pages\/34630\/revisions"}],"predecessor-version":[{"id":34641,"href":"https:\/\/www.masmallorca.es\/de\/wp-json\/wp\/v2\/pages\/34630\/revisions\/34641"}],"wp:attachment":[{"href":"https:\/\/www.masmallorca.es\/de\/wp-json\/wp\/v2\/media?parent=34630"}],"curies":[{"name":"wp","href":"https:\/\/api.w.org\/{rel}","templated":true}]}}