{"id":31187,"date":"2024-01-16T16:00:48","date_gmt":"2024-01-16T15:00:48","guid":{"rendered":"https:\/\/www.masmallorca.es\/quienes-somos"},"modified":"2025-02-13T18:54:48","modified_gmt":"2025-02-13T17:54:48","slug":"qui-som","status":"publish","type":"page","link":"https:\/\/www.masmallorca.es\/ca\/qui-som","title":{"rendered":"Qui som"},"content":{"rendered":"<p>[et_pb_section fb_built=&#8221;1&#8243; make_equal=&#8221;on&#8221; specialty=&#8221;on&#8221; _builder_version=&#8221;4.27.4&#8243; _module_preset=&#8221;default&#8221; background_color=&#8221;RGBA(255,255,255,0)&#8221; width=&#8221;100%&#8221; custom_padding=&#8221;2px|||||&#8221; hover_enabled=&#8221;0&#8243; global_colors_info=&#8221;{}&#8221; locked=&#8221;off&#8221; sticky_enabled=&#8221;0&#8243;][et_pb_column type=&#8221;3_4&#8243; specialty_columns=&#8221;3&#8243; _builder_version=&#8221;4.16&#8243; custom_padding=&#8221;|||&#8221; global_colors_info=&#8221;{}&#8221; custom_padding__hover=&#8221;|||&#8221;][et_pb_row_inner _builder_version=&#8221;4.27.4&#8243; _module_preset=&#8221;default&#8221; global_colors_info=&#8221;{}&#8221;][et_pb_column_inner saved_specialty_column_type=&#8221;3_4&#8243; _builder_version=&#8221;4.27.4&#8243; _module_preset=&#8221;default&#8221; global_colors_info=&#8221;{}&#8221;][et_pb_text _builder_version=&#8221;4.23.4&#8243; _module_preset=&#8221;default&#8221; global_colors_info=&#8221;{}&#8221;]<\/p>\n<p><em><strong>M\u00e1s Mallorca<\/strong><\/em>, la primera revista a Mallorca sobre medi ambient, lleure i cultura en angl\u00e8s, alemany, rus, catal\u00e0 i castell\u00e0, s&#8217;adre\u00e7a a un p\u00fablic familiar interessat a con\u00e8ixer Mallorca de manera experiencial i conscient.<\/p>\n<p>La revista \u201c<strong><em>+Mallorca<\/em><\/strong>\u201d va sorgir el 2006 a causa de la manca de mitjans accessibles que donessin a con\u00e8ixer els valors que ofereix la nostra Illa sense centrar-se \u00fanicament en el \u201csol i platja\u201d, donant a con\u00e8ixer en profunditat l&#8217;Illa de Mallorca mitjan\u00e7ant alternatives que permetin descobrir el valor mediambiental, paisatg\u00edstic i cultural que amaga aquesta terra.<\/p>\n<p>A <strong><em>+Mallorca<\/em><\/strong> estem estretament compromesos en la difusi\u00f3 d&#8217;aquests valors i la necessitat de defensar aquest territori nostre, \u00fanic i diferent, i aquest \u00e9s l&#8217;esperit que va guiar la posada en marxa de la revista l&#8217;any 2006.<\/p>\n<p>Les platges i la bondat del clima van atraure els nostres primers visitants a principis del segle XX, quan l&#8217;illa era una destinaci\u00f3 d&#8217;hivern. Despr\u00e9s dels anys del boom tur\u00edstic, en qu\u00e8 es va potenciar el turisme de sol i platja, avui el sector ha evolucionat gr\u00e0cies a la demanda d&#8217;un visitant m\u00e9s exigent i informat que se sent atret per factors com el paisatge, la gastronomia, el senderisme, el cicloturisme, els esports n\u00e0utics, la hist\u00f2ria o qualsevol altre aspecte englobat sota l&#8217;ampli paraigua de la cultura.<\/p>\n<p>En aquesta l\u00ednia s&#8217;inscriu <strong><em>+Mallorca<\/em><\/strong>, que pret\u00e9n ser una completa guia que serveixi turistes i residents per con\u00e8ixer l&#8217;illa a trav\u00e9s de punts de vista diferents dels que sovint apareixen als itineraris tur\u00edstics convencionals.<\/p>\n<p>Mes a mes baixem al terreny del detall per oferir-li una imatge ampliada i sovint in\u00e8dita de la nostra forma de vida: festes patronals, tradicions, costums, indument\u00e0ria, personatges i llocs hist\u00f2rics, flora i fauna, excursions, gastronomia, artesania..<\/p>\n<p>Aquest \u00e9s el repte que ens orienta i des d&#8217;aqu\u00ed convidem el lector identificat amb aquests valors a gaudir al m\u00e0xim de les p\u00e0gines de la nostra revista, que no conformen altra cosa que la nostra identitat.<\/p>\n<p><strong><em>+Mallorca<\/em><\/strong><\/p>\n<p>[\/et_pb_text][\/et_pb_column_inner][\/et_pb_row_inner][et_pb_row_inner admin_label=&#8221;row&#8221; _builder_version=&#8221;4.16&#8243; background_size=&#8221;initial&#8221; background_position=&#8221;top_left&#8221; background_repeat=&#8221;repeat&#8221; global_colors_info=&#8221;{}&#8221;][et_pb_column_inner _builder_version=&#8221;4.16&#8243; custom_padding=&#8221;|||&#8221; global_colors_info=&#8221;{}&#8221; custom_padding__hover=&#8221;|||&#8221; saved_specialty_column_type=&#8221;3_4&#8243;][et_pb_text admin_label=&#8221;Texto&#8221; _builder_version=&#8221;4.16&#8243; background_size=&#8221;initial&#8221; background_position=&#8221;top_left&#8221; background_repeat=&#8221;repeat&#8221; use_border_color=&#8221;off&#8221; border_color=&#8221;#ffffff&#8221; border_style=&#8221;solid&#8221; global_colors_info=&#8221;{}&#8221;]<\/p>\n<h3>Junta directiva +Mallorca<\/h3>\n<p>[\/et_pb_text][et_pb_testimonial author=&#8221;Jaume Est\u00e9vez&#8221; job_title=&#8221;Presidente \/ Cofundador&#8221; url=&#8221;mailto:info@masmallorca.es&#8221; portrait_url=&#8221;https:\/\/www.masmallorca.es\/wp-content\/uploads\/2017\/03\/Jaume-Estevez.jpg&#8221; portrait_width=&#8221;140&#8243; portrait_height=&#8221;140&#8243; admin_label=&#8221;Recomendaci\u00f3n&#8221; _builder_version=&#8221;4.16&#8243; body_font_size=&#8221;16&#8243; background_size=&#8221;initial&#8221; background_position=&#8221;top_left&#8221; background_repeat=&#8221;repeat&#8221; border_radii_portrait=&#8221;on|100px|100px|100px|100px&#8221; use_border_color=&#8221;off&#8221; border_color=&#8221;#ffffff&#8221; border_style=&#8221;solid&#8221; portrait_border_radius=&#8221;100&#8243; global_colors_info=&#8221;{}&#8221;] [\/et_pb_testimonial][et_pb_testimonial author=&#8221;Maria Victoria Sintes&#8221; job_title=&#8221;Dise\u00f1o gr\u00e1fico &#038; desarrollo multimedia \/ Cofundadora&#8221; url=&#8221;mailto:maria@masmallorca.es&#8221; portrait_url=&#8221;https:\/\/www.masmallorca.es\/wp-content\/uploads\/2017\/03\/Vicky-Sintes.jpg&#8221; portrait_width=&#8221;140&#8243; portrait_height=&#8221;140&#8243; admin_label=&#8221;Recomendaci\u00f3n&#8221; _builder_version=&#8221;4.16&#8243; body_font_size=&#8221;16&#8243; background_size=&#8221;initial&#8221; background_position=&#8221;top_left&#8221; background_repeat=&#8221;repeat&#8221; border_radii_portrait=&#8221;on|100px|100px|100px|100px&#8221; use_border_color=&#8221;off&#8221; border_color=&#8221;#ffffff&#8221; border_style=&#8221;solid&#8221; portrait_border_radius=&#8221;100&#8243; global_colors_info=&#8221;{}&#8221;] [\/et_pb_testimonial][et_pb_testimonial author=&#8221;Sinto Sanz&#8221; job_title=&#8221;Secci\u00f3n Cicloturismo&#8221; url=&#8221;mailto:sinto@masmallorca.es&#8221; portrait_url=&#8221;https:\/\/www.masmallorca.es\/wp-content\/uploads\/2017\/03\/Sinto-Sanz.jpg&#8221; portrait_width=&#8221;140&#8243; portrait_height=&#8221;140&#8243; admin_label=&#8221;Recomendaci\u00f3n&#8221; _builder_version=&#8221;4.16&#8243; body_font_size=&#8221;16&#8243; background_size=&#8221;initial&#8221; background_position=&#8221;top_left&#8221; background_repeat=&#8221;repeat&#8221; border_radii_portrait=&#8221;on|100px|100px|100px|100px&#8221; use_border_color=&#8221;off&#8221; border_color=&#8221;#ffffff&#8221; border_style=&#8221;solid&#8221; portrait_border_radius=&#8221;100&#8243; global_colors_info=&#8221;{}&#8221;] [\/et_pb_testimonial][et_pb_testimonial author=&#8221;Xisco Munar&#8221; job_title=&#8221;Fotos y deporte&#8221; url=&#8221;mailto:xisco@masmallorca.es&#8221; portrait_url=&#8221;https:\/\/www.masmallorca.es\/wp-content\/uploads\/2017\/03\/xisco-munar.jpg&#8221; portrait_width=&#8221;140&#8243; portrait_height=&#8221;140&#8243; admin_label=&#8221;Recomendaci\u00f3n&#8221; _builder_version=&#8221;4.16&#8243; body_font_size=&#8221;16&#8243; background_size=&#8221;initial&#8221; background_position=&#8221;top_left&#8221; background_repeat=&#8221;repeat&#8221; border_radii_portrait=&#8221;on|100px|100px|100px|100px&#8221; use_border_color=&#8221;off&#8221; border_color=&#8221;#ffffff&#8221; border_style=&#8221;solid&#8221; portrait_border_radius=&#8221;100&#8243; global_colors_info=&#8221;{}&#8221;] [\/et_pb_testimonial][\/et_pb_column_inner][\/et_pb_row_inner][\/et_pb_column][et_pb_column type=&#8221;1_4&#8243; _builder_version=&#8221;4.16&#8243; custom_padding=&#8221;|||&#8221; global_colors_info=&#8221;{}&#8221; custom_padding__hover=&#8221;|||&#8221;][et_pb_sidebar show_border=&#8221;off&#8221; _builder_version=&#8221;4.27.4&#8243; _module_preset=&#8221;default&#8221; sticky_position=&#8221;top&#8221; sticky_limit_top=&#8221;column&#8221; sticky_limit_bottom=&#8221;section&#8221; scroll_vertical_motion=&#8221;100|100|100|100|4|0|-4&#8243; motion_trigger_start=&#8221;bottom&#8221; hover_enabled=&#8221;0&#8243; locked=&#8221;off&#8221; global_colors_info=&#8221;{}&#8221; sticky_enabled=&#8221;0&#8243;][\/et_pb_sidebar][\/et_pb_column][\/et_pb_section]<\/p>\n","protected":false},"excerpt":{"rendered":"<p>M\u00e1s Mallorca, la primera revista a Mallorca sobre medi ambient, lleure i cultura en angl\u00e8s, alemany, rus, catal\u00e0 i castell\u00e0, s&#8217;adre\u00e7a a un p\u00fablic familiar interessat a con\u00e8ixer Mallorca de manera experiencial i conscient. La revista \u201c+Mallorca\u201d va sorgir el 2006 a causa de la manca de mitjans accessibles que donessin a con\u00e8ixer els valors [&hellip;]<\/p>\n","protected":false},"author":1,"featured_media":0,"parent":0,"menu_order":0,"comment_status":"closed","ping_status":"closed","template":"","meta":{"_et_pb_use_builder":"on","_et_pb_old_content":"","_et_gb_content_width":"1280","footnotes":""},"class_list":["post-31187","page","type-page","status-publish","hentry"],"yoast_head":"<!-- This site is optimized with the Yoast SEO plugin v27.4 - https:\/\/yoast.com\/product\/yoast-seo-wordpress\/ -->\n<title>Qui som | +Mallorca: la revista de Mallorca<\/title>\n<meta name=\"description\" content=\"+Mallorca, la Revista de Mallorca: Qui som:\" \/>\n<meta name=\"robots\" content=\"index, follow, max-snippet:-1, max-image-preview:large, max-video-preview:-1\" \/>\n<link rel=\"canonical\" href=\"https:\/\/www.masmallorca.es\/ca\/qui-som\" \/>\n<meta property=\"og:locale\" content=\"ca_ES\" \/>\n<meta property=\"og:type\" content=\"article\" \/>\n<meta property=\"og:title\" content=\"Qui som | +Mallorca: la revista de Mallorca\" \/>\n<meta property=\"og:description\" content=\"+Mallorca, la Revista de Mallorca: Qui som:\" \/>\n<meta property=\"og:url\" content=\"https:\/\/www.masmallorca.es\/ca\/qui-som\" \/>\n<meta property=\"og:site_name\" content=\"+Mallorca: la revista de Mallorca\" \/>\n<meta property=\"article:publisher\" content=\"https:\/\/www.facebook.com\/mallorcamagazine\/\" \/>\n<meta property=\"article:modified_time\" content=\"2025-02-13T17:54:48+00:00\" \/>\n<meta property=\"og:image\" content=\"https:\/\/www.masmallorca.es\/wp-content\/uploads\/2009\/10\/Son-Marroig_3.jpg\" \/>\n\t<meta property=\"og:image:width\" content=\"300\" \/>\n\t<meta property=\"og:image:height\" content=\"194\" \/>\n\t<meta property=\"og:image:type\" content=\"image\/jpeg\" \/>\n<meta name=\"twitter:card\" content=\"summary_large_image\" \/>\n<meta name=\"twitter:site\" content=\"@masmallorca\" \/>\n<meta name=\"twitter:label1\" content=\"Est. reading time\" \/>\n\t<meta name=\"twitter:data1\" content=\"3 minutes\" \/>\n<script type=\"application\/ld+json\" class=\"yoast-schema-graph\">{\"@context\":\"https:\\\/\\\/schema.org\",\"@graph\":[{\"@type\":\"WebPage\",\"@id\":\"https:\\\/\\\/www.masmallorca.es\\\/ca\\\/qui-som\",\"url\":\"https:\\\/\\\/www.masmallorca.es\\\/ca\\\/qui-som\",\"name\":\"Qui som | +Mallorca: la revista de Mallorca\",\"isPartOf\":{\"@id\":\"https:\\\/\\\/www.masmallorca.es\\\/ca#website\"},\"datePublished\":\"2024-01-16T15:00:48+00:00\",\"dateModified\":\"2025-02-13T17:54:48+00:00\",\"description\":\"+Mallorca, la Revista de Mallorca: Qui som:\",\"breadcrumb\":{\"@id\":\"https:\\\/\\\/www.masmallorca.es\\\/ca\\\/qui-som#breadcrumb\"},\"inLanguage\":\"ca-ES\",\"potentialAction\":[{\"@type\":\"ReadAction\",\"target\":[\"https:\\\/\\\/www.masmallorca.es\\\/ca\\\/qui-som\"]}]},{\"@type\":\"BreadcrumbList\",\"@id\":\"https:\\\/\\\/www.masmallorca.es\\\/ca\\\/qui-som#breadcrumb\",\"itemListElement\":[{\"@type\":\"ListItem\",\"position\":1,\"name\":\"Portada\",\"item\":\"https:\\\/\\\/www.masmallorca.es\\\/ca\"},{\"@type\":\"ListItem\",\"position\":2,\"name\":\"Qui som\"}]},{\"@type\":\"WebSite\",\"@id\":\"https:\\\/\\\/www.masmallorca.es\\\/ca#website\",\"url\":\"https:\\\/\\\/www.masmallorca.es\\\/ca\",\"name\":\"+Mallorca: la revista de Mallorca\",\"description\":\"Molt m\u00e9s que sol i platja..\",\"publisher\":{\"@id\":\"https:\\\/\\\/www.masmallorca.es\\\/ca#organization\"},\"alternateName\":\"+Mallorca\",\"potentialAction\":[{\"@type\":\"SearchAction\",\"target\":{\"@type\":\"EntryPoint\",\"urlTemplate\":\"https:\\\/\\\/www.masmallorca.es\\\/ca?s={search_term_string}\"},\"query-input\":{\"@type\":\"PropertyValueSpecification\",\"valueRequired\":true,\"valueName\":\"search_term_string\"}}],\"inLanguage\":\"ca-ES\"},{\"@type\":\"Organization\",\"@id\":\"https:\\\/\\\/www.masmallorca.es\\\/ca#organization\",\"name\":\"Revista +Mallorca\",\"alternateName\":\"M\u00e1s Mallorca\",\"url\":\"https:\\\/\\\/www.masmallorca.es\\\/ca\",\"logo\":{\"@type\":\"ImageObject\",\"inLanguage\":\"ca-ES\",\"@id\":\"https:\\\/\\\/www.masmallorca.es\\\/ca#\\\/schema\\\/logo\\\/image\\\/\",\"url\":\"https:\\\/\\\/www.masmallorca.es\\\/wp-content\\\/uploads\\\/2021\\\/04\\\/logomallorca-1.png\",\"contentUrl\":\"https:\\\/\\\/www.masmallorca.es\\\/wp-content\\\/uploads\\\/2021\\\/04\\\/logomallorca-1.png\",\"width\":326,\"height\":84,\"caption\":\"Revista +Mallorca\"},\"image\":{\"@id\":\"https:\\\/\\\/www.masmallorca.es\\\/ca#\\\/schema\\\/logo\\\/image\\\/\"},\"sameAs\":[\"https:\\\/\\\/www.facebook.com\\\/mallorcamagazine\\\/\",\"https:\\\/\\\/x.com\\\/masmallorca\"]}]}<\/script>\n<!-- \/ Yoast SEO plugin. -->","yoast_head_json":{"title":"Qui som | +Mallorca: la revista de Mallorca","description":"+Mallorca, la Revista de Mallorca: Qui som:","robots":{"index":"index","follow":"follow","max-snippet":"max-snippet:-1","max-image-preview":"max-image-preview:large","max-video-preview":"max-video-preview:-1"},"canonical":"https:\/\/www.masmallorca.es\/ca\/qui-som","og_locale":"ca_ES","og_type":"article","og_title":"Qui som | +Mallorca: la revista de Mallorca","og_description":"+Mallorca, la Revista de Mallorca: Qui som:","og_url":"https:\/\/www.masmallorca.es\/ca\/qui-som","og_site_name":"+Mallorca: la revista de Mallorca","article_publisher":"https:\/\/www.facebook.com\/mallorcamagazine\/","article_modified_time":"2025-02-13T17:54:48+00:00","og_image":[{"width":300,"height":194,"url":"https:\/\/www.masmallorca.es\/wp-content\/uploads\/2009\/10\/Son-Marroig_3.jpg","type":"image\/jpeg"}],"twitter_card":"summary_large_image","twitter_site":"@masmallorca","twitter_misc":{"Est. reading time":"3 minutes"},"schema":{"@context":"https:\/\/schema.org","@graph":[{"@type":"WebPage","@id":"https:\/\/www.masmallorca.es\/ca\/qui-som","url":"https:\/\/www.masmallorca.es\/ca\/qui-som","name":"Qui som | +Mallorca: la revista de Mallorca","isPartOf":{"@id":"https:\/\/www.masmallorca.es\/ca#website"},"datePublished":"2024-01-16T15:00:48+00:00","dateModified":"2025-02-13T17:54:48+00:00","description":"+Mallorca, la Revista de Mallorca: Qui som:","breadcrumb":{"@id":"https:\/\/www.masmallorca.es\/ca\/qui-som#breadcrumb"},"inLanguage":"ca-ES","potentialAction":[{"@type":"ReadAction","target":["https:\/\/www.masmallorca.es\/ca\/qui-som"]}]},{"@type":"BreadcrumbList","@id":"https:\/\/www.masmallorca.es\/ca\/qui-som#breadcrumb","itemListElement":[{"@type":"ListItem","position":1,"name":"Portada","item":"https:\/\/www.masmallorca.es\/ca"},{"@type":"ListItem","position":2,"name":"Qui som"}]},{"@type":"WebSite","@id":"https:\/\/www.masmallorca.es\/ca#website","url":"https:\/\/www.masmallorca.es\/ca","name":"+Mallorca: la revista de Mallorca","description":"Molt m\u00e9s que sol i platja..","publisher":{"@id":"https:\/\/www.masmallorca.es\/ca#organization"},"alternateName":"+Mallorca","potentialAction":[{"@type":"SearchAction","target":{"@type":"EntryPoint","urlTemplate":"https:\/\/www.masmallorca.es\/ca?s={search_term_string}"},"query-input":{"@type":"PropertyValueSpecification","valueRequired":true,"valueName":"search_term_string"}}],"inLanguage":"ca-ES"},{"@type":"Organization","@id":"https:\/\/www.masmallorca.es\/ca#organization","name":"Revista +Mallorca","alternateName":"M\u00e1s Mallorca","url":"https:\/\/www.masmallorca.es\/ca","logo":{"@type":"ImageObject","inLanguage":"ca-ES","@id":"https:\/\/www.masmallorca.es\/ca#\/schema\/logo\/image\/","url":"https:\/\/www.masmallorca.es\/wp-content\/uploads\/2021\/04\/logomallorca-1.png","contentUrl":"https:\/\/www.masmallorca.es\/wp-content\/uploads\/2021\/04\/logomallorca-1.png","width":326,"height":84,"caption":"Revista +Mallorca"},"image":{"@id":"https:\/\/www.masmallorca.es\/ca#\/schema\/logo\/image\/"},"sameAs":["https:\/\/www.facebook.com\/mallorcamagazine\/","https:\/\/x.com\/masmallorca"]}]}},"_links":{"self":[{"href":"https:\/\/www.masmallorca.es\/ca\/wp-json\/wp\/v2\/pages\/31187","targetHints":{"allow":["GET"]}}],"collection":[{"href":"https:\/\/www.masmallorca.es\/ca\/wp-json\/wp\/v2\/pages"}],"about":[{"href":"https:\/\/www.masmallorca.es\/ca\/wp-json\/wp\/v2\/types\/page"}],"author":[{"embeddable":true,"href":"https:\/\/www.masmallorca.es\/ca\/wp-json\/wp\/v2\/users\/1"}],"replies":[{"embeddable":true,"href":"https:\/\/www.masmallorca.es\/ca\/wp-json\/wp\/v2\/comments?post=31187"}],"version-history":[{"count":3,"href":"https:\/\/www.masmallorca.es\/ca\/wp-json\/wp\/v2\/pages\/31187\/revisions"}],"predecessor-version":[{"id":33680,"href":"https:\/\/www.masmallorca.es\/ca\/wp-json\/wp\/v2\/pages\/31187\/revisions\/33680"}],"wp:attachment":[{"href":"https:\/\/www.masmallorca.es\/ca\/wp-json\/wp\/v2\/media?parent=31187"}],"curies":[{"name":"wp","href":"https:\/\/api.w.org\/{rel}","templated":true}]}}