{"id":31174,"date":"2020-02-26T16:56:16","date_gmt":"2020-02-26T15:56:16","guid":{"rendered":"https:\/\/www.masmallorca.es\/politica-de-privacidad"},"modified":"2024-01-16T16:20:41","modified_gmt":"2024-01-16T15:20:41","slug":"politica-de-privacitat","status":"publish","type":"page","link":"https:\/\/www.masmallorca.es\/ca\/politica-de-privacitat","title":{"rendered":"Pol\u00edtica de privacitat"},"content":{"rendered":"\n<p>En compliment del que estableix la Llei Org\u00e0nica 15\/1999, de 13 de desembre, de Protecci\u00f3 de Dades de Car\u00e0cter Personal, +Mallorca, informa als seus clients que totes les dades personals que li facilitin seran incloses en un fitxer automatitzat de dades de car\u00e0cter personal, creat i mantingut sota la responsabilitat de +Mallorca.<\/p>\n\n\n\n<p>La finalitat d&#8217;aquest fitxer \u00e9s l&#8217;enviament de comunicacions informatives que peri\u00f2dicament us remetem amb not\u00edcies i informaci\u00f3 de car\u00e0cter cultural i tur\u00edstic.<\/p>\n\n\n\n<p>+Mallorca garanteix la seguretat i confidencialitat de les dades facilitades. D&#8217;aquesta manera, es compromet al compliment de la seva obligaci\u00f3 de secret de les dades de car\u00e0cter personal i del seu deure de guardar-les i adoptar totes les mesures necess\u00e0ries per evitar-ne l&#8217;alteraci\u00f3, la p\u00e8rdua, el tractament o l&#8217;\u00fas no autoritzat. Per tant, tota la informaci\u00f3 sobre els nostres clients no ser\u00e0 utilitzada amb prop\u00f2sits comercials ni ser\u00e0 cedida a tercers.<\/p>\n\n\n\n<p>Els subscriptors de +Mallorca podran en tot moment exercitar els drets d&#8217;acc\u00e9s, rectificaci\u00f3, cancel\u00b7laci\u00f3 i oposici\u00f3, comunicant-ho per escrit a la nostra adre\u00e7a de correu electr\u00f2nic info@masmallorca.es<\/p>\n\n\n\n<p>Amb car\u00e0cter general, les relacions amb els nostres clients, que es derivin de la prestaci\u00f3 dels serveis continguts a la nostra web, estan sotmeses a la legislaci\u00f3 i la jurisdicci\u00f3 espanyola.<\/p>\n\n\n\n<p>Els usuaris de la nostra web s\u00f3n conscients de tot all\u00f2 exposat i ho accepten volunt\u00e0riament.<\/p>\n\n\n\n<p>+Mallorca no ens responsabilitzem del mal \u00fas que es realitzi dels continguts de la nostra p\u00e0gina web, sent exclusiva responsabilitat de la persona que hi accedeix o els utilitza.<\/p>\n\n\n\n<p>+Mallorca es reserva el dret a actualitzar, modificar o eliminar la informaci\u00f3 continguda al seu lloc web, i la configuraci\u00f3 o presentaci\u00f3 del mateix, en qualsevol moment, sense av\u00eds previ, i sense assumir cap responsabilitat per aix\u00f2.<\/p>\n\n\n\n<p>Tamb\u00e9 quedem exonerats de tota responsabilitat davant de possibles danys o perjudicis que pugui patir l&#8217;usuari a conseq\u00fc\u00e8ncia d&#8217;errors, defectes o omissions en la informaci\u00f3 que facilitem quan procedeixi de fonts alienes a nosaltres.<\/p>\n\n\n\n<p>Per a qualsevol tipus de dubte es poden adre\u00e7ar directament a nosaltres:<\/p>\n\n\n\n<p><strong><em>+Mallorca\u00a0<br><\/em><\/strong>Carrer Meli\u00e0 44.<br>07620 Llucmajor, Mallorca.<br>G57715807 &#8211; 971 669551 &#8211; info@masmallorca.es<\/p>\n","protected":false},"excerpt":{"rendered":"<p>En compliment del que estableix la Llei Org\u00e0nica 15\/1999, de 13 de desembre, de Protecci\u00f3 de Dades de Car\u00e0cter Personal, +Mallorca, informa als seus clients que totes les dades personals que li facilitin seran incloses en un fitxer automatitzat de dades de car\u00e0cter personal, creat i mantingut sota la responsabilitat de +Mallorca. La finalitat d&#8217;aquest [&hellip;]<\/p>\n","protected":false},"author":1,"featured_media":0,"parent":0,"menu_order":0,"comment_status":"closed","ping_status":"closed","template":"","meta":{"_et_pb_use_builder":"off","_et_pb_old_content":"","_et_gb_content_width":"","footnotes":""},"class_list":["post-31174","page","type-page","status-publish","hentry"],"yoast_head":"<!-- This site is optimized with the Yoast SEO plugin v27.4 - https:\/\/yoast.com\/product\/yoast-seo-wordpress\/ -->\n<title>Pol\u00edtica de privacitat | +Mallorca: la revista de Mallorca<\/title>\n<meta name=\"description\" content=\"Pol\u00edtica de privacitat\" \/>\n<meta name=\"robots\" content=\"index, follow, max-snippet:-1, max-image-preview:large, max-video-preview:-1\" \/>\n<link rel=\"canonical\" href=\"https:\/\/www.masmallorca.es\/ca\/politica-de-privacitat\" \/>\n<meta property=\"og:locale\" content=\"ca_ES\" \/>\n<meta property=\"og:type\" content=\"article\" \/>\n<meta property=\"og:title\" content=\"Pol\u00edtica de privacitat | +Mallorca: la revista de Mallorca\" \/>\n<meta property=\"og:description\" content=\"Pol\u00edtica de privacitat\" \/>\n<meta property=\"og:url\" content=\"https:\/\/www.masmallorca.es\/ca\/politica-de-privacitat\" \/>\n<meta property=\"og:site_name\" content=\"+Mallorca: la revista de Mallorca\" \/>\n<meta property=\"article:publisher\" content=\"https:\/\/www.facebook.com\/mallorcamagazine\/\" \/>\n<meta property=\"article:modified_time\" content=\"2024-01-16T15:20:41+00:00\" \/>\n<meta property=\"og:image\" content=\"https:\/\/www.masmallorca.es\/wp-content\/uploads\/2009\/10\/Son-Marroig_3.jpg\" \/>\n\t<meta property=\"og:image:width\" content=\"300\" \/>\n\t<meta property=\"og:image:height\" content=\"194\" \/>\n\t<meta property=\"og:image:type\" content=\"image\/jpeg\" \/>\n<meta name=\"twitter:card\" content=\"summary_large_image\" \/>\n<meta name=\"twitter:site\" content=\"@masmallorca\" \/>\n<meta name=\"twitter:label1\" content=\"Est. reading time\" \/>\n\t<meta name=\"twitter:data1\" content=\"2 minutes\" \/>\n<script type=\"application\/ld+json\" class=\"yoast-schema-graph\">{\"@context\":\"https:\\\/\\\/schema.org\",\"@graph\":[{\"@type\":\"WebPage\",\"@id\":\"https:\\\/\\\/www.masmallorca.es\\\/ca\\\/politica-de-privacitat\",\"url\":\"https:\\\/\\\/www.masmallorca.es\\\/ca\\\/politica-de-privacitat\",\"name\":\"Pol\u00edtica de privacitat | +Mallorca: la revista de Mallorca\",\"isPartOf\":{\"@id\":\"https:\\\/\\\/www.masmallorca.es\\\/ca#website\"},\"datePublished\":\"2020-02-26T15:56:16+00:00\",\"dateModified\":\"2024-01-16T15:20:41+00:00\",\"description\":\"Pol\u00edtica de privacitat\",\"breadcrumb\":{\"@id\":\"https:\\\/\\\/www.masmallorca.es\\\/ca\\\/politica-de-privacitat#breadcrumb\"},\"inLanguage\":\"ca-ES\",\"potentialAction\":[{\"@type\":\"ReadAction\",\"target\":[\"https:\\\/\\\/www.masmallorca.es\\\/ca\\\/politica-de-privacitat\"]}]},{\"@type\":\"BreadcrumbList\",\"@id\":\"https:\\\/\\\/www.masmallorca.es\\\/ca\\\/politica-de-privacitat#breadcrumb\",\"itemListElement\":[{\"@type\":\"ListItem\",\"position\":1,\"name\":\"Portada\",\"item\":\"https:\\\/\\\/www.masmallorca.es\\\/ca\"},{\"@type\":\"ListItem\",\"position\":2,\"name\":\"Pol\u00edtica de privacitat\"}]},{\"@type\":\"WebSite\",\"@id\":\"https:\\\/\\\/www.masmallorca.es\\\/ca#website\",\"url\":\"https:\\\/\\\/www.masmallorca.es\\\/ca\",\"name\":\"+Mallorca: la revista de Mallorca\",\"description\":\"Molt m\u00e9s que sol i platja..\",\"publisher\":{\"@id\":\"https:\\\/\\\/www.masmallorca.es\\\/ca#organization\"},\"alternateName\":\"+Mallorca\",\"potentialAction\":[{\"@type\":\"SearchAction\",\"target\":{\"@type\":\"EntryPoint\",\"urlTemplate\":\"https:\\\/\\\/www.masmallorca.es\\\/ca?s={search_term_string}\"},\"query-input\":{\"@type\":\"PropertyValueSpecification\",\"valueRequired\":true,\"valueName\":\"search_term_string\"}}],\"inLanguage\":\"ca-ES\"},{\"@type\":\"Organization\",\"@id\":\"https:\\\/\\\/www.masmallorca.es\\\/ca#organization\",\"name\":\"Revista +Mallorca\",\"alternateName\":\"M\u00e1s Mallorca\",\"url\":\"https:\\\/\\\/www.masmallorca.es\\\/ca\",\"logo\":{\"@type\":\"ImageObject\",\"inLanguage\":\"ca-ES\",\"@id\":\"https:\\\/\\\/www.masmallorca.es\\\/ca#\\\/schema\\\/logo\\\/image\\\/\",\"url\":\"https:\\\/\\\/www.masmallorca.es\\\/wp-content\\\/uploads\\\/2021\\\/04\\\/logomallorca-1.png\",\"contentUrl\":\"https:\\\/\\\/www.masmallorca.es\\\/wp-content\\\/uploads\\\/2021\\\/04\\\/logomallorca-1.png\",\"width\":326,\"height\":84,\"caption\":\"Revista +Mallorca\"},\"image\":{\"@id\":\"https:\\\/\\\/www.masmallorca.es\\\/ca#\\\/schema\\\/logo\\\/image\\\/\"},\"sameAs\":[\"https:\\\/\\\/www.facebook.com\\\/mallorcamagazine\\\/\",\"https:\\\/\\\/x.com\\\/masmallorca\"]}]}<\/script>\n<!-- \/ Yoast SEO plugin. -->","yoast_head_json":{"title":"Pol\u00edtica de privacitat | +Mallorca: la revista de Mallorca","description":"Pol\u00edtica de privacitat","robots":{"index":"index","follow":"follow","max-snippet":"max-snippet:-1","max-image-preview":"max-image-preview:large","max-video-preview":"max-video-preview:-1"},"canonical":"https:\/\/www.masmallorca.es\/ca\/politica-de-privacitat","og_locale":"ca_ES","og_type":"article","og_title":"Pol\u00edtica de privacitat | +Mallorca: la revista de Mallorca","og_description":"Pol\u00edtica de privacitat","og_url":"https:\/\/www.masmallorca.es\/ca\/politica-de-privacitat","og_site_name":"+Mallorca: la revista de Mallorca","article_publisher":"https:\/\/www.facebook.com\/mallorcamagazine\/","article_modified_time":"2024-01-16T15:20:41+00:00","og_image":[{"width":300,"height":194,"url":"https:\/\/www.masmallorca.es\/wp-content\/uploads\/2009\/10\/Son-Marroig_3.jpg","type":"image\/jpeg"}],"twitter_card":"summary_large_image","twitter_site":"@masmallorca","twitter_misc":{"Est. reading time":"2 minutes"},"schema":{"@context":"https:\/\/schema.org","@graph":[{"@type":"WebPage","@id":"https:\/\/www.masmallorca.es\/ca\/politica-de-privacitat","url":"https:\/\/www.masmallorca.es\/ca\/politica-de-privacitat","name":"Pol\u00edtica de privacitat | +Mallorca: la revista de Mallorca","isPartOf":{"@id":"https:\/\/www.masmallorca.es\/ca#website"},"datePublished":"2020-02-26T15:56:16+00:00","dateModified":"2024-01-16T15:20:41+00:00","description":"Pol\u00edtica de privacitat","breadcrumb":{"@id":"https:\/\/www.masmallorca.es\/ca\/politica-de-privacitat#breadcrumb"},"inLanguage":"ca-ES","potentialAction":[{"@type":"ReadAction","target":["https:\/\/www.masmallorca.es\/ca\/politica-de-privacitat"]}]},{"@type":"BreadcrumbList","@id":"https:\/\/www.masmallorca.es\/ca\/politica-de-privacitat#breadcrumb","itemListElement":[{"@type":"ListItem","position":1,"name":"Portada","item":"https:\/\/www.masmallorca.es\/ca"},{"@type":"ListItem","position":2,"name":"Pol\u00edtica de privacitat"}]},{"@type":"WebSite","@id":"https:\/\/www.masmallorca.es\/ca#website","url":"https:\/\/www.masmallorca.es\/ca","name":"+Mallorca: la revista de Mallorca","description":"Molt m\u00e9s que sol i platja..","publisher":{"@id":"https:\/\/www.masmallorca.es\/ca#organization"},"alternateName":"+Mallorca","potentialAction":[{"@type":"SearchAction","target":{"@type":"EntryPoint","urlTemplate":"https:\/\/www.masmallorca.es\/ca?s={search_term_string}"},"query-input":{"@type":"PropertyValueSpecification","valueRequired":true,"valueName":"search_term_string"}}],"inLanguage":"ca-ES"},{"@type":"Organization","@id":"https:\/\/www.masmallorca.es\/ca#organization","name":"Revista +Mallorca","alternateName":"M\u00e1s Mallorca","url":"https:\/\/www.masmallorca.es\/ca","logo":{"@type":"ImageObject","inLanguage":"ca-ES","@id":"https:\/\/www.masmallorca.es\/ca#\/schema\/logo\/image\/","url":"https:\/\/www.masmallorca.es\/wp-content\/uploads\/2021\/04\/logomallorca-1.png","contentUrl":"https:\/\/www.masmallorca.es\/wp-content\/uploads\/2021\/04\/logomallorca-1.png","width":326,"height":84,"caption":"Revista +Mallorca"},"image":{"@id":"https:\/\/www.masmallorca.es\/ca#\/schema\/logo\/image\/"},"sameAs":["https:\/\/www.facebook.com\/mallorcamagazine\/","https:\/\/x.com\/masmallorca"]}]}},"_links":{"self":[{"href":"https:\/\/www.masmallorca.es\/ca\/wp-json\/wp\/v2\/pages\/31174","targetHints":{"allow":["GET"]}}],"collection":[{"href":"https:\/\/www.masmallorca.es\/ca\/wp-json\/wp\/v2\/pages"}],"about":[{"href":"https:\/\/www.masmallorca.es\/ca\/wp-json\/wp\/v2\/types\/page"}],"author":[{"embeddable":true,"href":"https:\/\/www.masmallorca.es\/ca\/wp-json\/wp\/v2\/users\/1"}],"replies":[{"embeddable":true,"href":"https:\/\/www.masmallorca.es\/ca\/wp-json\/wp\/v2\/comments?post=31174"}],"version-history":[{"count":0,"href":"https:\/\/www.masmallorca.es\/ca\/wp-json\/wp\/v2\/pages\/31174\/revisions"}],"wp:attachment":[{"href":"https:\/\/www.masmallorca.es\/ca\/wp-json\/wp\/v2\/media?parent=31174"}],"curies":[{"name":"wp","href":"https:\/\/api.w.org\/{rel}","templated":true}]}}